{"id":60,"date":"2022-08-27T20:59:11","date_gmt":"2022-08-27T20:59:11","guid":{"rendered":"http:\/\/2v0.e4c.mywebsitetransfer.com\/?page_id=60"},"modified":"2024-04-16T21:52:49","modified_gmt":"2024-04-17T02:52:49","slug":"why-choose-us","status":"publish","type":"page","link":"https:\/\/preimportexport.com\/es\/why-choose-us\/","title":{"rendered":"\u00bfPor qu\u00e9 nosotros?"},"content":{"rendered":"<div id=\"fws_69e88e13bea19\"  data-column-margin=\"default\" data-midnight=\"light\"  class=\"wpb_row vc_row-fluid vc_row full-width-section parallax_section\"  style=\"padding-top: 117px; padding-bottom: 56px; \"><div class=\"row-bg-wrap\" data-bg-animation=\"none\" data-bg-overlay=\"true\"><div class=\"inner-wrap using-image\"><div class=\"row-bg viewport-desktop using-image\" data-parallax-speed=\"fast\" style=\"background-image: url(https:\/\/preimportexport.com\/wp-content\/uploads\/2022\/08\/rsw_1920m-1.webp); background-position: center center; background-repeat: no-repeat; \"><\/div><\/div><div class=\"row-bg-overlay\" style=\"background-color:rgba(0,0,0,0.64);  opacity: 1; \"><\/div><\/div><div class=\"row_col_wrap_12 col span_12 light center\">\n\t<div  class=\"vc_col-sm-12 wpb_column column_container vc_column_container col no-extra-padding inherit_tablet inherit_phone\"  data-padding-pos=\"all\" data-has-bg-color=\"false\" data-bg-color=\"\" data-bg-opacity=\"1\" data-animation=\"\" data-delay=\"0\" >\n\t\t<div class=\"vc_column-inner\" >\n\t\t\t<div class=\"wpb_wrapper\">\n\t\t\t\t<div class=\"nectar_icon_wrap\" data-style=\"default\" data-padding=\"20px\" data-color=\"white\" style=\"\" >\n\t\t<div class=\"nectar_icon\" ><i style=\"font-size: 50px; line-height: 50px; height: 50px; width: 50px;\" class=\"fa fa-lightbulb-o\"><\/i><\/div>\n\t<\/div><div class=\"nectar-highlighted-text\" data-style=\"text_outline\" data-outline-thickness=\"thin\" data-user-color=\"true\" style=\"color: #ffffff;\" data-using-custom-color=\"false\" data-animation-delay=\"false\" data-color=\"\" data-color-gradient=\"\">\n<h1>\u00bfPor qu\u00e9 elegirnos?<\/h1>\n<\/div><div class=\"divider-wrap\" data-alignment=\"center\"><div style=\"margin-top: 12.5px; width: 50px; height: 2px; margin-bottom: 12.5px;\" data-width=\"50\" data-animate=\"yes\" data-animation-delay=\"\" data-color=\"extra-color-1\" class=\"divider-small-border\"><\/div><\/div><div class=\"nectar-highlighted-text\" data-style=\"text_outline\" data-outline-thickness=\"thin\" data-user-color=\"true\" style=\"color: #ffffff;\" data-using-custom-color=\"false\" data-animation-delay=\"false\" data-color=\"\" data-color-gradient=\"\"><\/div>\n\t\t\t<\/div> \n\t\t<\/div>\n\t<\/div> \n<\/div><\/div>\n\t\t<div id=\"fws_69e88e13c1ab7\"  data-column-margin=\"default\" data-midnight=\"dark\"  class=\"wpb_row vc_row-fluid vc_row\"  style=\"padding-top: 50px; padding-bottom: 50px; \"><div class=\"row-bg-wrap\" data-bg-animation=\"none\" data-bg-overlay=\"false\"><div class=\"inner-wrap\"><div class=\"row-bg viewport-desktop\"  style=\"\"><\/div><\/div><\/div><div class=\"row_col_wrap_12 col span_12 dark left\">\n\t<div  class=\"vc_col-sm-12 wpb_column column_container vc_column_container col no-extra-padding inherit_tablet inherit_phone\"  data-padding-pos=\"all\" data-has-bg-color=\"false\" data-bg-color=\"\" data-bg-opacity=\"1\" data-animation=\"\" data-delay=\"0\" >\n\t\t<div class=\"vc_column-inner\" >\n\t\t\t<div class=\"wpb_wrapper\">\n\t\t\t\t<div id=\"fws_69e88e13c1f8e\" data-midnight=\"\" data-column-margin=\"default\" class=\"wpb_row vc_row-fluid vc_row inner_row\"  style=\"\"><div class=\"row-bg-wrap\"> <div class=\"row-bg\" ><\/div> <\/div><div class=\"row_col_wrap_12_inner col span_12  center\">\n\t<div  class=\"vc_col-sm-12 wpb_column column_container vc_column_container col child_column no-extra-padding inherit_tablet inherit_phone\"   data-padding-pos=\"all\" data-has-bg-color=\"false\" data-bg-color=\"\" data-bg-opacity=\"1\" data-animation=\"\" data-delay=\"0\" >\n\t\t<div class=\"vc_column-inner\" >\n\t\t<div class=\"wpb_wrapper\">\n\t\t\t<div class=\"nectar-highlighted-text\" data-style=\"text_outline\" data-outline-thickness=\"thin\" data-user-color=\"true\" style=\"color: #ab8f76;\" data-using-custom-color=\"false\" data-animation-delay=\"false\" data-color=\"\" data-color-gradient=\"\">\n<h2>Descubre 7 razones para escoger a PRE<\/h2>\n<\/div><div class=\"divider-wrap\" data-alignment=\"center\"><div style=\"margin-top: 12.5px; width: 50px; height: 2px; margin-bottom: 12.5px;\" data-width=\"50\" data-animate=\"yes\" data-animation-delay=\"\" data-color=\"extra-color-1\" class=\"divider-small-border\"><\/div><\/div>\n\t\t<\/div> \n\t<\/div>\n\t<\/div> \n<\/div><\/div><div class=\"nectar-text-inline-images nectar-link-underline-effect nectar-text-inline-images--animation_none\"><div class=\"nectar-text-inline-images__inner\">\n<p style=\"text-align: left;\"><span style=\"font-weight: 400;\">En los \u00faltimos a\u00f1os, Am\u00e9rica Latina (LATAM) se ha convertido en un punto focal para el comercio global, mostrando avances notables en las condiciones del mercado internacional y el crecimiento de las importaciones. La regi\u00f3n, conocida por su rica diversidad cultural y dinamismo econ\u00f3mico, se ha convertido en un destino cada vez m\u00e1s atractivo para las empresas que buscan oportunidades de expansi\u00f3n.<\/span><\/p>\n<p style=\"text-align: left;\">Con nuestra gesti\u00f3n buscamos promover actividades econ\u00f3micas y as\u00ed ser actores del crecimiento del PIB de los pa\u00edses donde operamos.<\/p>\n<p style=\"text-align: left;\">En PRE Import Export S.A.: distribuidor somos tu socio ideal para llevar tu negocio al siguiente nivel con:<\/p>\n<p>&nbsp;<\/p>\n<h4>AMPLIA Y VARIADA GAMA DE SUMINISTROS PARA EL COMERCIO<\/h4>\n<ul>\n<li>Relaci\u00f3n cercana con nuestros clientes.<\/li>\n<li>Investigaci\u00f3n, an\u00e1lisis e informes en profundidad sobre fosos y cosechas econ\u00f3micos. ciclos, riesgos y tendencias de la industria.<\/li>\n<li>Reducci\u00f3n del riesgo de una mala cosecha debido a malas cosechas.<\/li>\n<\/ul>\n<\/div><\/div><div class=\"divider-wrap\" data-alignment=\"default\"><div style=\"margin-top: 12.5px; height: 10px; margin-bottom: 12.5px;\" data-width=\"100%\" data-animate=\"yes\" data-animation-delay=\"\" data-color=\"white\" class=\"divider-border\"><\/div><\/div><div id=\"fws_69e88e13c24fb\" data-midnight=\"\" data-column-margin=\"default\" class=\"wpb_row vc_row-fluid vc_row inner_row\"  style=\"\"><div class=\"row-bg-wrap\"> <div class=\"row-bg\" ><\/div> <\/div><div class=\"row_col_wrap_12_inner col span_12  left\">\n\t<div  class=\"vc_col-sm-4 wpb_column column_container vc_column_container col child_column no-extra-padding inherit_tablet inherit_phone\"   data-padding-pos=\"all\" data-has-bg-color=\"false\" data-bg-color=\"\" data-bg-opacity=\"1\" data-animation=\"\" data-delay=\"0\" >\n\t\t<div class=\"vc_column-inner\" >\n\t\t<div class=\"wpb_wrapper\">\n\t\t\t\n<div class=\"wpb_text_column wpb_content_element\" >\n\t<div class=\"wpb_wrapper\">\n\t\t<h4>COMERCIO JUSTO<\/h4>\n<ul>\n<li>Los precios justos son transparentes para proveedores y clientes.<\/li>\n<\/ul>\n\t<\/div>\n<\/div>\n\n\n\n\n\t\t<\/div> \n\t<\/div>\n\t<\/div> \n\n\t<div  class=\"vc_col-sm-4 wpb_column column_container vc_column_container col child_column no-extra-padding inherit_tablet inherit_phone\"   data-padding-pos=\"all\" data-has-bg-color=\"false\" data-bg-color=\"\" data-bg-opacity=\"1\" data-animation=\"\" data-delay=\"0\" >\n\t\t<div class=\"vc_column-inner\" >\n\t\t<div class=\"wpb_wrapper\">\n\t\t\t<div class=\"nectar-text-inline-images nectar-link-underline-effect nectar-text-inline-images--animation_none\"><div class=\"nectar-text-inline-images__inner\">\n<h4>NUESTROS PROVEEDORES, ASOCIADOS Y CLIENTES<\/h4>\n<ul>\n<li>Asociaci\u00f3n directa a largo plazo.<\/li>\n<\/ul>\n<\/div><\/div>\n\t\t<\/div> \n\t<\/div>\n\t<\/div> \n\n\t<div  class=\"vc_col-sm-4 wpb_column column_container vc_column_container col child_column no-extra-padding inherit_tablet inherit_phone\"   data-padding-pos=\"all\" data-has-bg-color=\"false\" data-bg-color=\"\" data-bg-opacity=\"1\" data-animation=\"\" data-delay=\"0\" >\n\t\t<div class=\"vc_column-inner\" >\n\t\t<div class=\"wpb_wrapper\">\n\t\t\t<div class=\"nectar-text-inline-images nectar-link-underline-effect nectar-text-inline-images--animation_none\"><div class=\"nectar-text-inline-images__inner\">\n<h4>ETIQUETA PRIVADA<\/h4>\n<ul>\n<li>Productos de etiqueta privada disponibles bajo petici\u00f3n.<\/li>\n<\/ul>\n<\/div><\/div>\n\t\t<\/div> \n\t<\/div>\n\t<\/div> \n<\/div><\/div><div class=\"divider-wrap\" data-alignment=\"default\"><div style=\"margin-top: 12.5px; height: 10px; margin-bottom: 12.5px;\" data-width=\"100%\" data-animate=\"yes\" data-animation-delay=\"\" data-color=\"white\" class=\"divider-border\"><\/div><\/div><div id=\"fws_69e88e13c2d2e\" data-midnight=\"\" data-column-margin=\"default\" class=\"wpb_row vc_row-fluid vc_row inner_row\"  style=\"\"><div class=\"row-bg-wrap\"> <div class=\"row-bg\" ><\/div> <\/div><div class=\"row_col_wrap_12_inner col span_12  left\">\n\t<div  class=\"vc_col-sm-4 wpb_column column_container vc_column_container col child_column no-extra-padding inherit_tablet inherit_phone\"   data-padding-pos=\"all\" data-has-bg-color=\"false\" data-bg-color=\"\" data-bg-opacity=\"1\" data-animation=\"\" data-delay=\"0\" >\n\t\t<div class=\"vc_column-inner\" >\n\t\t<div class=\"wpb_wrapper\">\n\t\t\t<div class=\"nectar-text-inline-images nectar-link-underline-effect nectar-text-inline-images--animation_none\"><div class=\"nectar-text-inline-images__inner\">\n<h4>RESPONSABILIDAD SOCIAL<\/h4>\n<ul>\n<li>Responsabilidad social integral incluyendo la protecci\u00f3n e inclusi\u00f3n social.<\/li>\n<li>Mejorar constantemente el ambiente de trabajo, la salud y la seguridad.<\/li>\n<li>Comprometidos con minimizar el impacto de nuestras actividades en el medio ambiente mediante la conservaci\u00f3n de los recursos, el respeto al medio ambiente y el uso racional de los recursos.<\/li>\n<\/ul>\n<\/div><\/div>\n\t\t<\/div> \n\t<\/div>\n\t<\/div> \n\n\t<div  class=\"vc_col-sm-4 wpb_column column_container vc_column_container col child_column no-extra-padding inherit_tablet inherit_phone\"   data-padding-pos=\"all\" data-has-bg-color=\"false\" data-bg-color=\"\" data-bg-opacity=\"1\" data-animation=\"\" data-delay=\"0\" >\n\t\t<div class=\"vc_column-inner\" >\n\t\t<div class=\"wpb_wrapper\">\n\t\t\t<div class=\"nectar-text-inline-images nectar-link-underline-effect nectar-text-inline-images--animation_none\"><div class=\"nectar-text-inline-images__inner\">\n<h4>LOG\u00cdSTICA<\/h4>\n<ul>\n<li>Exportaciones:\n<ul>\n<li>Trabajos jur\u00eddicos, ejemplo: documentaci\u00f3n, diligencias gubernamentales.<\/li>\n<li>Compa\u00f1\u00eda de env\u00edo de asistencia de terceros.<\/li>\n<\/ul>\n<\/li>\n<li>Apoyar a nuestros clientes durante todo el proceso hasta que el producto llegue a destino final.<\/li>\n<\/ul>\n<\/div><\/div>\n\t\t<\/div> \n\t<\/div>\n\t<\/div> \n\n\t<div  class=\"vc_col-sm-4 wpb_column column_container vc_column_container col child_column no-extra-padding inherit_tablet inherit_phone\"   data-padding-pos=\"all\" data-has-bg-color=\"false\" data-bg-color=\"\" data-bg-opacity=\"1\" data-animation=\"\" data-delay=\"0\" >\n\t\t<div class=\"vc_column-inner\" >\n\t\t<div class=\"wpb_wrapper\">\n\t\t\t\n<div class=\"wpb_text_column wpb_content_element\" >\n\t<div class=\"wpb_wrapper\">\n\t\t<h4>CALIDAD Y ENTREGA SUPERIORES<\/h4>\n<ul>\n<li>Estricta gesti\u00f3n de la cadena de suministro.<\/li>\n<li>M\u00e1xima frescura, calidad y vida \u00fatil extendida para cada producto.<\/li>\n<\/ul>\n\t<\/div>\n<\/div>\n\n\n\n\n\t\t<\/div> \n\t<\/div>\n\t<\/div> \n<\/div><\/div>\n\t\t\t<\/div> \n\t\t<\/div>\n\t<\/div> \n<\/div><\/div>","protected":false},"excerpt":{"rendered":"WHY CHOOSE US? Discover 7 reasons to choose PRE In recent years, Latin America (LATAM) has emerged as a focal point for global trade, showcasing remarkable developments in international market...","protected":false},"author":1,"featured_media":0,"parent":0,"menu_order":0,"comment_status":"closed","ping_status":"closed","template":"","meta":{"footnotes":""},"class_list":["post-60","page","type-page","status-publish"],"_links":{"self":[{"href":"https:\/\/preimportexport.com\/es\/wp-json\/wp\/v2\/pages\/60","targetHints":{"allow":["GET"]}}],"collection":[{"href":"https:\/\/preimportexport.com\/es\/wp-json\/wp\/v2\/pages"}],"about":[{"href":"https:\/\/preimportexport.com\/es\/wp-json\/wp\/v2\/types\/page"}],"author":[{"embeddable":true,"href":"https:\/\/preimportexport.com\/es\/wp-json\/wp\/v2\/users\/1"}],"replies":[{"embeddable":true,"href":"https:\/\/preimportexport.com\/es\/wp-json\/wp\/v2\/comments?post=60"}],"version-history":[{"count":16,"href":"https:\/\/preimportexport.com\/es\/wp-json\/wp\/v2\/pages\/60\/revisions"}],"predecessor-version":[{"id":276,"href":"https:\/\/preimportexport.com\/es\/wp-json\/wp\/v2\/pages\/60\/revisions\/276"}],"wp:attachment":[{"href":"https:\/\/preimportexport.com\/es\/wp-json\/wp\/v2\/media?parent=60"}],"curies":[{"name":"wp","href":"https:\/\/api.w.org\/{rel}","templated":true}]}}