{"id":43,"date":"2022-08-27T20:20:39","date_gmt":"2022-08-27T20:20:39","guid":{"rendered":"http:\/\/2v0.e4c.mywebsitetransfer.com\/?page_id=43"},"modified":"2024-11-14T10:33:57","modified_gmt":"2024-11-14T15:33:57","slug":"about-us","status":"publish","type":"page","link":"https:\/\/preimportexport.com\/es\/about-us\/","title":{"rendered":"Sobre nosotros"},"content":{"rendered":"<div id=\"fws_69e887ef7d434\"  data-column-margin=\"default\" data-midnight=\"light\"  class=\"wpb_row vc_row-fluid vc_row full-width-section\"  style=\"padding-top: 117px; padding-bottom: 56px; \"><div class=\"row-bg-wrap\" data-bg-animation=\"none\" data-bg-overlay=\"false\"><div class=\"inner-wrap\"><div class=\"row-bg viewport-desktop using-bg-color\"  style=\"background-color: #161616; \"><\/div><\/div><\/div><div class=\"row_col_wrap_12 col span_12 light center\">\n\t<div  class=\"vc_col-sm-12 wpb_column column_container vc_column_container col no-extra-padding inherit_tablet inherit_phone\"  data-padding-pos=\"all\" data-has-bg-color=\"false\" data-bg-color=\"\" data-bg-opacity=\"1\" data-animation=\"\" data-delay=\"0\" >\n\t\t<div class=\"vc_column-inner\" >\n\t\t\t<div class=\"wpb_wrapper\">\n\t\t\t\t<div class=\"nectar-highlighted-text\" data-style=\"text_outline\" data-outline-thickness=\"thin\" data-user-color=\"true\" style=\"color: #ab8f76;\" data-using-custom-color=\"false\" data-animation-delay=\"false\" data-color=\"\" data-color-gradient=\"\">\n<h1>Sobre nosotros<\/h1>\n<\/div><div class=\"divider-wrap\" data-alignment=\"center\"><div style=\"margin-top: 12.5px; width: 50px; height: 2px; margin-bottom: 12.5px;\" data-width=\"50\" data-animate=\"yes\" data-animation-delay=\"\" data-color=\"extra-color-1\" class=\"divider-small-border\"><\/div><\/div>\n\t\t\t<\/div> \n\t\t<\/div>\n\t<\/div> \n<\/div><\/div>\n\t\t<div id=\"fws_69e887ef7eba5\"  data-column-margin=\"default\" data-midnight=\"dark\"  class=\"wpb_row vc_row-fluid vc_row\"  style=\"padding-top: 50px; padding-bottom: 50px; \"><div class=\"row-bg-wrap\" data-bg-animation=\"none\" data-bg-overlay=\"false\"><div class=\"inner-wrap\"><div class=\"row-bg viewport-desktop\"  style=\"\"><\/div><\/div><\/div><div class=\"row_col_wrap_12 col span_12 dark left\">\n\t<div  class=\"vc_col-sm-12 wpb_column column_container vc_column_container col no-extra-padding inherit_tablet inherit_phone\"  data-padding-pos=\"all\" data-has-bg-color=\"false\" data-bg-color=\"\" data-bg-opacity=\"1\" data-animation=\"\" data-delay=\"0\" >\n\t\t<div class=\"vc_column-inner\" >\n\t\t\t<div class=\"wpb_wrapper\">\n\t\t\t\t<div class=\"divider-wrap\" data-alignment=\"center\"><div style=\"margin-top: 12.5px; width: 50px; height: 2px; margin-bottom: 12.5px;\" data-width=\"50\" data-animate=\"yes\" data-animation-delay=\"\" data-color=\"extra-color-1\" class=\"divider-small-border\"><\/div><\/div><div id=\"fws_69e887ef7ee3f\" data-midnight=\"\" data-column-margin=\"default\" class=\"wpb_row vc_row-fluid vc_row inner_row  vc_custom_1661633032914\"  style=\"\"><div class=\"row-bg-wrap\"> <div class=\"row-bg\" ><\/div> <\/div><div class=\"row_col_wrap_12_inner col span_12  left\">\n\t<div  class=\"vc_col-sm-2 vc_hidden-sm vc_hidden-xs wpb_column column_container vc_column_container col child_column no-extra-padding inherit_tablet inherit_phone\"   data-padding-pos=\"all\" data-has-bg-color=\"false\" data-bg-color=\"\" data-bg-opacity=\"1\" data-animation=\"\" data-delay=\"0\" >\n\t\t<div class=\"vc_column-inner\" >\n\t\t<div class=\"wpb_wrapper\">\n\t\t\t\n\t\t<\/div> \n\t<\/div>\n\t<\/div> \n\n\t<div  class=\"vc_col-sm-8 wpb_column column_container vc_column_container col child_column no-extra-padding inherit_tablet inherit_phone\"   data-padding-pos=\"all\" data-has-bg-color=\"false\" data-bg-color=\"\" data-bg-opacity=\"1\" data-animation=\"\" data-delay=\"0\" >\n\t\t<div class=\"vc_column-inner\" >\n\t\t<div class=\"wpb_wrapper\">\n\t\t\t\n<div class=\"wpb_text_column wpb_content_element\" >\n\t<div class=\"wpb_wrapper\">\n\t\t<p><span style=\"font-weight: 400;\">Somos una empresa especializada en trading de commodities,<\/span><span style=\"font-weight: 400;\">dedicada a establecer conexiones estrat\u00e9gicas entre compradores del din\u00e1mico mercado asi\u00e1tico y proveedores en los pr\u00f3speros mercados latinoamericanos.<\/span><\/p>\n<p><span style=\"font-weight: 400;\">Nuestra misi\u00f3n es impulsar el crecimiento econ\u00f3mico y fortalecer las relaciones comerciales entre Asia y Am\u00e9rica Latina. Contamos con un equipo altamente capacitado y experimentado que trabaja arduamente para entender las necesidades espec\u00edficas de nuestros clientes y ofrecer soluciones personalizadas que maximizan el valor de cada transacci\u00f3n.<\/span><\/p>\n<p><span style=\"font-weight: 400;\">Lo que nos distingue es nuestra capacidad para identificar oportunidades \u00fanicas en ambos mercados, aprovechando nuestra profunda comprensi\u00f3n de las tendencias comerciales, las regulaciones locales y las din\u00e1micas del mercado.<\/span><\/p>\n<p><span style=\"font-weight: 400;\">Trabajamos con una amplia gama de commodities, desde productos agr\u00edcolas hasta recursos naturales, asegurando una cartera diversificada que satisface las demandas cambiantes de nuestros clientes.<\/span><\/p>\n<p>&nbsp;<\/p>\n<h4><strong>NUESTRA MISI\u00d3N &amp; VALORES<\/strong><\/h4>\n<p>&nbsp;<\/p>\n<p><span style=\"font-weight: 400;\">En PRE Import Export nos comprometemos a mantener los m\u00e1s altos est\u00e1ndares \u00e9ticos y de calidad en todas nuestras operaciones. La transparencia, la integridad y la confianza son los pilares fundamentales de nuestra empresa. Valoramos las relaciones a largo plazo y buscamos construir asociaciones s\u00f3lidas basadas en el respeto y el beneficio mutuo.<\/span><\/p>\n<p><span style=\"font-weight: 400;\">Si est\u00e1 buscando una empresa de trading de commodities que combine experiencia global con un enfoque localizado, es su socio ideal. Estamos listos para facilitar conexiones fruct\u00edferas entre los mercados asi\u00e1ticos y latinoamericanos, impulsando el \u00e9xito comercial de nuestros clientes en ambos continentes.<\/span><\/p>\n<p><span style=\"font-weight: 400;\">Nos enorgullece ser el puente que facilita transacciones comerciales exitosas y beneficiosas para ambas partes.<\/span><\/p>\n<p><span style=\"font-weight: 400;\">PRE Import Export, Bridging Borders: Latin America\u2019s Gateway to the World<\/span><\/p>\n\t<\/div>\n<\/div>\n\n\n\n\n\t\t<\/div> \n\t<\/div>\n\t<\/div> \n\n\t<div  class=\"vc_col-sm-2 vc_hidden-sm vc_hidden-xs wpb_column column_container vc_column_container col child_column no-extra-padding inherit_tablet inherit_phone\"   data-padding-pos=\"all\" data-has-bg-color=\"false\" data-bg-color=\"\" data-bg-opacity=\"1\" data-animation=\"\" data-delay=\"0\" >\n\t\t<div class=\"vc_column-inner\" >\n\t\t<div class=\"wpb_wrapper\">\n\t\t\t\n\t\t<\/div> \n\t<\/div>\n\t<\/div> \n<\/div><\/div>\n\t\t\t<\/div> \n\t\t<\/div>\n\t<\/div> \n<\/div><\/div>\n\t\t<div id=\"fws_69e887ef7f5f3\"  data-column-margin=\"default\" data-midnight=\"dark\"  class=\"wpb_row vc_row-fluid vc_row full-width-section\"  style=\"padding-top: 12px; padding-bottom: 56px; \"><div class=\"row-bg-wrap\" data-bg-animation=\"none\" data-bg-overlay=\"false\"><div class=\"inner-wrap\"><div class=\"row-bg viewport-desktop using-bg-color\"  style=\"background-color: #ffffff; \"><\/div><\/div><\/div><div class=\"row_col_wrap_12 col span_12 dark center\">\n\t<div  class=\"vc_col-sm-12 wpb_column column_container vc_column_container col no-extra-padding inherit_tablet inherit_phone\"  data-padding-pos=\"all\" data-has-bg-color=\"false\" data-bg-color=\"\" data-bg-opacity=\"1\" data-animation=\"\" data-delay=\"0\" >\n\t\t<div class=\"vc_column-inner\" >\n\t\t\t<div class=\"wpb_wrapper\">\n\t\t\t\t<div class=\"nectar-highlighted-text\" data-style=\"text_outline\" data-outline-thickness=\"thin\" data-user-color=\"true\" style=\"color: #ab8f76;\" data-using-custom-color=\"false\" data-animation-delay=\"false\" data-color=\"\" data-color-gradient=\"\">\n<h2>NUESTRO EQUIPO<\/h2>\n<\/div><div class=\"divider-wrap\" data-alignment=\"center\"><div style=\"margin-top: 12.5px; width: 50px; height: 2px; margin-bottom: 12.5px;\" data-width=\"50\" data-animate=\"yes\" data-animation-delay=\"\" data-color=\"extra-color-1\" class=\"divider-small-border\"><\/div><\/div><div id=\"fws_69e887ef7fa46\" data-midnight=\"\" data-column-margin=\"default\" class=\"wpb_row vc_row-fluid vc_row inner_row  vc_custom_1661631990004\"  style=\"\"><div class=\"row-bg-wrap\"> <div class=\"row-bg\" ><\/div> <\/div><div class=\"row_col_wrap_12_inner col span_12  left\">\n\t<div  class=\"vc_col-sm-3 wpb_column column_container vc_column_container col child_column no-extra-padding inherit_tablet inherit_phone\"   data-padding-pos=\"all\" data-has-bg-color=\"false\" data-bg-color=\"\" data-bg-opacity=\"1\" data-animation=\"\" data-delay=\"0\" >\n\t\t<div class=\"vc_column-inner\" >\n\t\t<div class=\"wpb_wrapper\">\n\t\t\t<div class=\"img-with-aniamtion-wrap center custom-size\" data-max-width=\"100%\" data-max-width-mobile=\"default\" data-border-radius=\"20px\" data-shadow=\"none\" data-animation=\"fade-in\" >\n      <div class=\"inner\">\n        <div class=\"hover-wrap\"> \n          <div class=\"hover-wrap-inner\">\n            <img loading=\"lazy\" decoding=\"async\" class=\"img-with-animation skip-lazy\" data-delay=\"0\" height=\"300\" width=\"300\" data-animation=\"fade-in\" src=\"https:\/\/preimportexport.com\/wp-content\/uploads\/2024\/04\/ing-jose_preimportexport-300x300.png\" alt=\"\" srcset=\"https:\/\/preimportexport.com\/wp-content\/uploads\/2024\/04\/ing-jose_preimportexport-300x300.png 300w, https:\/\/preimportexport.com\/wp-content\/uploads\/2024\/04\/ing-jose_preimportexport-150x150.png 150w, https:\/\/preimportexport.com\/wp-content\/uploads\/2024\/04\/ing-jose_preimportexport-12x12.png 12w, https:\/\/preimportexport.com\/wp-content\/uploads\/2024\/04\/ing-jose_preimportexport-100x100.png 100w, https:\/\/preimportexport.com\/wp-content\/uploads\/2024\/04\/ing-jose_preimportexport-140x140.png 140w, https:\/\/preimportexport.com\/wp-content\/uploads\/2024\/04\/ing-jose_preimportexport-350x350.png 350w, https:\/\/preimportexport.com\/wp-content\/uploads\/2024\/04\/ing-jose_preimportexport.png 500w\" sizes=\"auto, (max-width: 300px) 100vw, 300px\" \/>\n          <\/div>\n        <\/div>\n      <\/div>\n    <\/div>\n<div class=\"wpb_text_column wpb_content_element\" >\n\t<div class=\"wpb_wrapper\">\n\t\t<h4><strong>Ing. Jose M. Fern\u00e1ndez-Pirla<\/strong><\/h4>\n<h4>Chief Operating Officer<\/h4>\n\t<\/div>\n<\/div>\n\n\n\n\n\t\t<\/div> \n\t<\/div>\n\t<\/div> \n\n\t<div  class=\"vc_col-sm-3 wpb_column column_container vc_column_container col child_column no-extra-padding inherit_tablet inherit_phone\"   data-padding-pos=\"all\" data-has-bg-color=\"false\" data-bg-color=\"\" data-bg-opacity=\"1\" data-animation=\"\" data-delay=\"0\" >\n\t\t<div class=\"vc_column-inner\" >\n\t\t<div class=\"wpb_wrapper\">\n\t\t\t<div class=\"img-with-aniamtion-wrap center custom-size\" data-max-width=\"100%\" data-max-width-mobile=\"default\" data-border-radius=\"20px\" data-shadow=\"none\" data-animation=\"fade-in\" >\n      <div class=\"inner\">\n        <div class=\"hover-wrap\"> \n          <div class=\"hover-wrap-inner\">\n            <img loading=\"lazy\" decoding=\"async\" class=\"img-with-animation skip-lazy\" data-delay=\"0\" height=\"300\" width=\"300\" data-animation=\"fade-in\" src=\"https:\/\/preimportexport.com\/wp-content\/uploads\/2024\/04\/arbulu_preimportexport-300x300.png\" alt=\"\" srcset=\"https:\/\/preimportexport.com\/wp-content\/uploads\/2024\/04\/arbulu_preimportexport-300x300.png 300w, https:\/\/preimportexport.com\/wp-content\/uploads\/2024\/04\/arbulu_preimportexport-150x150.png 150w, https:\/\/preimportexport.com\/wp-content\/uploads\/2024\/04\/arbulu_preimportexport-12x12.png 12w, https:\/\/preimportexport.com\/wp-content\/uploads\/2024\/04\/arbulu_preimportexport-100x100.png 100w, https:\/\/preimportexport.com\/wp-content\/uploads\/2024\/04\/arbulu_preimportexport-140x140.png 140w, https:\/\/preimportexport.com\/wp-content\/uploads\/2024\/04\/arbulu_preimportexport-350x350.png 350w, https:\/\/preimportexport.com\/wp-content\/uploads\/2024\/04\/arbulu_preimportexport.png 500w\" sizes=\"auto, (max-width: 300px) 100vw, 300px\" \/>\n          <\/div>\n        <\/div>\n      <\/div>\n    <\/div>\n<div class=\"wpb_text_column wpb_content_element\" >\n\t<div class=\"wpb_wrapper\">\n\t\t<h4><strong>Mr. Luis Arbulu Alvistur<\/strong><\/h4>\n<h4>Chief Executive Officer<\/h4>\n\t<\/div>\n<\/div>\n\n\n\n\n\t\t<\/div> \n\t<\/div>\n\t<\/div> \n\n\t<div  class=\"vc_col-sm-3 wpb_column column_container vc_column_container col child_column no-extra-padding inherit_tablet inherit_phone\"   data-padding-pos=\"all\" data-has-bg-color=\"false\" data-bg-color=\"\" data-bg-opacity=\"1\" data-animation=\"\" data-delay=\"0\" >\n\t\t<div class=\"vc_column-inner\" >\n\t\t<div class=\"wpb_wrapper\">\n\t\t\t<div class=\"img-with-aniamtion-wrap center custom-size\" data-max-width=\"100%\" data-max-width-mobile=\"default\" data-border-radius=\"20px\" data-shadow=\"none\" data-animation=\"fade-in\" >\n      <div class=\"inner\">\n        <div class=\"hover-wrap\"> \n          <div class=\"hover-wrap-inner\">\n            <img loading=\"lazy\" decoding=\"async\" class=\"img-with-animation skip-lazy\" data-delay=\"0\" height=\"300\" width=\"300\" data-animation=\"fade-in\" src=\"https:\/\/preimportexport.com\/wp-content\/uploads\/2024\/04\/foto-jaime-more_preimportexport-300x300.png\" alt=\"\" srcset=\"https:\/\/preimportexport.com\/wp-content\/uploads\/2024\/04\/foto-jaime-more_preimportexport-300x300.png 300w, https:\/\/preimportexport.com\/wp-content\/uploads\/2024\/04\/foto-jaime-more_preimportexport-150x150.png 150w, https:\/\/preimportexport.com\/wp-content\/uploads\/2024\/04\/foto-jaime-more_preimportexport-12x12.png 12w, https:\/\/preimportexport.com\/wp-content\/uploads\/2024\/04\/foto-jaime-more_preimportexport-100x100.png 100w, https:\/\/preimportexport.com\/wp-content\/uploads\/2024\/04\/foto-jaime-more_preimportexport-140x140.png 140w, https:\/\/preimportexport.com\/wp-content\/uploads\/2024\/04\/foto-jaime-more_preimportexport-350x350.png 350w, https:\/\/preimportexport.com\/wp-content\/uploads\/2024\/04\/foto-jaime-more_preimportexport.png 500w\" sizes=\"auto, (max-width: 300px) 100vw, 300px\" \/>\n          <\/div>\n        <\/div>\n      <\/div>\n    <\/div>\n<div class=\"wpb_text_column wpb_content_element\" >\n\t<div class=\"wpb_wrapper\">\n\t\t<h4><strong>Mr. Jaime More<\/strong><\/h4>\n<h4>Commercial Director<\/h4>\n\t<\/div>\n<\/div>\n\n\n\n\n\t\t<\/div> \n\t<\/div>\n\t<\/div> \n\n\t<div  class=\"vc_col-sm-3 wpb_column column_container vc_column_container col child_column no-extra-padding inherit_tablet inherit_phone\"   data-padding-pos=\"all\" data-has-bg-color=\"false\" data-bg-color=\"\" data-bg-opacity=\"1\" data-animation=\"\" data-delay=\"0\" >\n\t\t<div class=\"vc_column-inner\" >\n\t\t<div class=\"wpb_wrapper\">\n\t\t\t<div class=\"img-with-aniamtion-wrap  custom-size\" data-max-width=\"100%\" data-max-width-mobile=\"default\" data-shadow=\"none\" data-animation=\"fade-in\" >\n      <div class=\"inner\">\n        <div class=\"hover-wrap\"> \n          <div class=\"hover-wrap-inner\">\n            <img loading=\"lazy\" decoding=\"async\" class=\"img-with-animation skip-lazy\" data-delay=\"0\" height=\"300\" width=\"300\" data-animation=\"fade-in\" src=\"https:\/\/preimportexport.com\/wp-content\/uploads\/2024\/11\/FOTO-ALEJANDRA-WEB-v2-copia-1-300x300.png\" alt=\"\" srcset=\"https:\/\/preimportexport.com\/wp-content\/uploads\/2024\/11\/FOTO-ALEJANDRA-WEB-v2-copia-1-300x300.png 300w, https:\/\/preimportexport.com\/wp-content\/uploads\/2024\/11\/FOTO-ALEJANDRA-WEB-v2-copia-1-150x150.png 150w, https:\/\/preimportexport.com\/wp-content\/uploads\/2024\/11\/FOTO-ALEJANDRA-WEB-v2-copia-1-12x12.png 12w, https:\/\/preimportexport.com\/wp-content\/uploads\/2024\/11\/FOTO-ALEJANDRA-WEB-v2-copia-1-100x100.png 100w, https:\/\/preimportexport.com\/wp-content\/uploads\/2024\/11\/FOTO-ALEJANDRA-WEB-v2-copia-1-140x140.png 140w, https:\/\/preimportexport.com\/wp-content\/uploads\/2024\/11\/FOTO-ALEJANDRA-WEB-v2-copia-1-500x500.png 500w, https:\/\/preimportexport.com\/wp-content\/uploads\/2024\/11\/FOTO-ALEJANDRA-WEB-v2-copia-1-350x350.png 350w, https:\/\/preimportexport.com\/wp-content\/uploads\/2024\/11\/FOTO-ALEJANDRA-WEB-v2-copia-1.png 583w\" sizes=\"auto, (max-width: 300px) 100vw, 300px\" \/>\n          <\/div>\n        <\/div>\n      <\/div>\n    <\/div>\n<div class=\"wpb_text_column wpb_content_element\" >\n\t<div class=\"wpb_wrapper\">\n\t\t<h4><strong>Lic. Alejandra Mamani<\/strong><\/h4>\n<h4>Associate<\/h4>\n\t<\/div>\n<\/div>\n\n\n\n\n\t\t<\/div> \n\t<\/div>\n\t<\/div> \n<\/div><\/div><div class=\"divider-wrap\" data-alignment=\"default\"><div style=\"height: 25px;\" class=\"divider\"><\/div><\/div>\n\t\t\t<\/div> \n\t\t<\/div>\n\t<\/div> \n<\/div><\/div>\n\t\t<div id=\"fws_69e887ef82f92\"  data-column-margin=\"default\" data-midnight=\"dark\"  class=\"wpb_row vc_row-fluid vc_row\"  style=\"padding-top: 0px; padding-bottom: 0px; \"><div class=\"row-bg-wrap\" data-bg-animation=\"none\" data-bg-overlay=\"false\"><div class=\"inner-wrap\"><div class=\"row-bg viewport-desktop\"  style=\"\"><\/div><\/div><\/div><div class=\"row_col_wrap_12 col span_12 dark left\">\n\t<div  class=\"vc_col-sm-12 wpb_column column_container vc_column_container col no-extra-padding inherit_tablet inherit_phone\"  data-padding-pos=\"all\" data-has-bg-color=\"false\" data-bg-color=\"\" data-bg-opacity=\"1\" data-animation=\"\" data-delay=\"0\" >\n\t\t<div class=\"vc_column-inner\" >\n\t\t\t<div class=\"wpb_wrapper\">\n\t\t\t\t<div class=\"nectar-split-heading\" data-align=\"center\" data-m-align=\"inherit\" data-text-effect=\"default\" data-animation-type=\"line-reveal-by-space\" data-animation-delay=\"0\" data-animation-offset=\"\" data-m-rm-animation=\"\" data-stagger=\"\" data-custom-font-size=\"false\" ><h2 style=\" color: #ab8f76;\">PARTNER COMPANIES<\/h2><\/div><div class=\"divider-wrap\" data-alignment=\"default\"><div style=\"margin-top: 12.5px; height: 10px; margin-bottom: 12.5px;\" data-width=\"100%\" data-animate=\"\" data-animation-delay=\"\" data-color=\"white\" class=\"divider-border\"><\/div><\/div><div class=\"nectar-text-inline-images nectar-link-underline-effect nectar-text-inline-images--animation_none\"><div class=\"nectar-text-inline-images__inner\"><img loading=\"lazy\" decoding=\"async\" class=\"alignnone size-medium wp-image-192\" src=\"http:\/\/preimportexport.com\/wp-content\/uploads\/2024\/02\/cwt-foods-2_preimportexport-300x176.png\" alt=\"\" width=\"300\" height=\"176\" \/><img loading=\"lazy\" decoding=\"async\" class=\"alignnone size-medium wp-image-198\" src=\"http:\/\/preimportexport.com\/wp-content\/uploads\/2024\/02\/cwt-trading2-300x176-1-300x176.png\" alt=\"\" width=\"300\" height=\"176\" srcset=\"https:\/\/preimportexport.com\/wp-content\/uploads\/2024\/02\/cwt-trading2-300x176-1-300x176.png 300w, https:\/\/preimportexport.com\/wp-content\/uploads\/2024\/02\/cwt-trading2-300x176-1-1024x601.png 1024w, https:\/\/preimportexport.com\/wp-content\/uploads\/2024\/02\/cwt-trading2-300x176-1-768x451.png 768w, https:\/\/preimportexport.com\/wp-content\/uploads\/2024\/02\/cwt-trading2-300x176-1-18x12.png 18w, https:\/\/preimportexport.com\/wp-content\/uploads\/2024\/02\/cwt-trading2-300x176-1.png 1251w\" sizes=\"auto, (max-width: 300px) 100vw, 300px\" \/><img loading=\"lazy\" decoding=\"async\" class=\"alignnone size-full wp-image-229\" src=\"http:\/\/preimportexport.com\/wp-content\/uploads\/2024\/04\/pre-construct_preimportexport-1.png\" alt=\"\" width=\"300\" height=\"176\" srcset=\"https:\/\/preimportexport.com\/wp-content\/uploads\/2024\/04\/pre-construct_preimportexport-1.png 300w, https:\/\/preimportexport.com\/wp-content\/uploads\/2024\/04\/pre-construct_preimportexport-1-18x12.png 18w\" sizes=\"auto, (max-width: 300px) 100vw, 300px\" \/><img loading=\"lazy\" decoding=\"async\" class=\"alignnone size-full wp-image-230\" src=\"http:\/\/preimportexport.com\/wp-content\/uploads\/2024\/04\/private_preimportexport-1.png\" alt=\"\" width=\"300\" height=\"176\" srcset=\"https:\/\/preimportexport.com\/wp-content\/uploads\/2024\/04\/private_preimportexport-1.png 300w, https:\/\/preimportexport.com\/wp-content\/uploads\/2024\/04\/private_preimportexport-1-18x12.png 18w\" sizes=\"auto, (max-width: 300px) 100vw, 300px\" \/><\/div><\/div>\n\t\t\t<\/div> \n\t\t<\/div>\n\t<\/div> \n<\/div><\/div>","protected":false},"excerpt":{"rendered":"About us We are specialized business in commodities trading.\u00a0 Dedicated to establishing strategic connections between buyers in the dynamic Asian market and suppliers in prosperous Latin American markets. Our mission...","protected":false},"author":1,"featured_media":0,"parent":0,"menu_order":0,"comment_status":"closed","ping_status":"closed","template":"","meta":{"footnotes":""},"class_list":["post-43","page","type-page","status-publish"],"_links":{"self":[{"href":"https:\/\/preimportexport.com\/es\/wp-json\/wp\/v2\/pages\/43","targetHints":{"allow":["GET"]}}],"collection":[{"href":"https:\/\/preimportexport.com\/es\/wp-json\/wp\/v2\/pages"}],"about":[{"href":"https:\/\/preimportexport.com\/es\/wp-json\/wp\/v2\/types\/page"}],"author":[{"embeddable":true,"href":"https:\/\/preimportexport.com\/es\/wp-json\/wp\/v2\/users\/1"}],"replies":[{"embeddable":true,"href":"https:\/\/preimportexport.com\/es\/wp-json\/wp\/v2\/comments?post=43"}],"version-history":[{"count":34,"href":"https:\/\/preimportexport.com\/es\/wp-json\/wp\/v2\/pages\/43\/revisions"}],"predecessor-version":[{"id":301,"href":"https:\/\/preimportexport.com\/es\/wp-json\/wp\/v2\/pages\/43\/revisions\/301"}],"wp:attachment":[{"href":"https:\/\/preimportexport.com\/es\/wp-json\/wp\/v2\/media?parent=43"}],"curies":[{"name":"wp","href":"https:\/\/api.w.org\/{rel}","templated":true}]}}