{"id":3,"date":"2022-08-27T18:26:59","date_gmt":"2022-08-27T18:26:59","guid":{"rendered":"http:\/\/2v0.e4c.mywebsitetransfer.com\/?page_id=3"},"modified":"2024-02-23T12:29:47","modified_gmt":"2024-02-23T17:29:47","slug":"politica-privacidad","status":"publish","type":"page","link":"https:\/\/preimportexport.com\/es\/politica-privacidad\/","title":{"rendered":"Pol\u00edtica de privacidad"},"content":{"rendered":"<h1 class=\"wp-block-heading\">Pol\u00edtica de privacidad<\/h1>\n\n\n\n<p>Esta Pol\u00edtica de Privacidad rige la manera en la que PRE Import recopila, utiliza, mantiene y divulga informaci\u00f3n recopilada de los usuarios.\u00a0<\/p>\n\n\n\n<p>Uso de la informaci\u00f3n personal. La informaci\u00f3n personal que recopilamos se utiliza exclusivamente para el contacto con nuestros clientes que aceptan darnos esta informaci\u00f3n.&nbsp;<\/p>\n\n\n\n<p>Tambi\u00e9n utilizamos esta informaci\u00f3n para fines estad\u00edsticos internos y para mejorar nuestros servicios.<\/p>\n\n\n\n<p>No compartimos su informaci\u00f3n personal con terceros sin su consentimiento expl\u00edcito, excepto cuando sea necesario para cumplir con la ley o proteger nuestros derechos.<\/p>\n\n\n\n<p>Comunicaciones por correo electr\u00f3nico. Solo enviamos correos electr\u00f3nicos a aquellos usuarios que han aceptado recibir comunicaciones por correo electr\u00f3nico de nuestra empresa. Nuestros correos electr\u00f3nicos incluyen informaci\u00f3n sobre nuestros proyectos y servicios, as\u00ed como otras noticias y actualizaciones que consideramos relevantes para nuestros usuarios.<\/p>\n\n\n\n<p><strong>Informaci\u00f3n de identificaci\u00f3n personal<\/strong><\/p>\n\n\n\n<p>Podemos recopilar informaci\u00f3n de identificaci\u00f3n personal de los visitantes, incluidas, entre otras, cuando los visitantes se inscriben a PRE Import, se suscriben a un bolet\u00edn informativo y en relaci\u00f3n con otras actividades, servicios, funciones, o recursos que ponemos a disposici\u00f3n en PRE Import Export. Los visitantes pueden visitar PRE Import Export de forma an\u00f3nima. Recopilaremos informaci\u00f3n de identificaci\u00f3n personal de los visitantes solo si nos env\u00edan voluntariamente dicha informaci\u00f3n. Los visitantes pueden negarse a proporcionar informaci\u00f3n de identificaci\u00f3n personal, pero hacerlo puede impedirles participar en ciertas actividades relacionadas con PRE Import Export.<\/p>\n\n\n\n<p><strong>C\u00f3mo utilizamos la informaci\u00f3n recopilada.<\/strong><\/p>\n\n\n\n<p>PRE Import Export puede recopilar y utilizar la informaci\u00f3n de identificaci\u00f3n personal de los visitantes para los siguientes prop\u00f3sitos:<\/p>\n\n\n\n<p>Mejorar el servicio al cliente.<\/p>\n\n\n\n<p>La informaci\u00f3n que usted proporciona nos ayuda a responder a sus solicitudes de servicio al cliente y necesidades de soporte de manera m\u00e1s eficiente.<\/p>\n\n\n\n<p>Para personalizar la experiencia del usuario.<\/p>\n\n\n\n<p>Podemos utilizar informaci\u00f3n en conjunto para comprender c\u00f3mo nuestros visitantes como grupo utilizan los servicios y recursos proporcionados en PRE Import Export.<\/p>\n\n\n\n<p>Para enviar correos electr\u00f3nicos peri\u00f3dicos.<\/p>\n\n\n\n<p>Podemos utilizar las direcciones de correo electr\u00f3nico de PRE Import Export para enviarles informaci\u00f3n y actualizaciones relacionadas con su pedido. Las direcciones de correo electr\u00f3nico de los visitantes tambi\u00e9n se pueden utilizar para responder a consultas, preguntas u otras solicitudes de los visitantes.<\/p>\n\n\n\n<p>Compartir su informaci\u00f3n personal<\/p>\n\n\n\n<p>No vendemos, intercambiamos ni alquilamos informaci\u00f3n de identificaci\u00f3n personal de los estudiantes a otros.<\/p>\n\n\n\n<p><strong>Sitios web de terceros<\/strong><\/p>\n\n\n\n<p>Los estudiantes pueden encontrar publicidad u otro contenido en PRE Import Export que enlace a los sitios web y servicios de nuestros socios, proveedores, anunciantes, patrocinadores, licenciantes y otros terceros. No controlamos el contenido o los enlaces que aparecen en estos sitios web y no somos responsables de las pr\u00e1cticas empleadas por los sitios web vinculados hacia o desde PRE Import Export. Adem\u00e1s, estos sitios web o servicios, incluido su contenido y enlaces, pueden cambiar constantemente. Estos sitios web y servicios pueden tener sus propias pol\u00edticas de privacidad y pol\u00edticas de servicio al cliente. La navegaci\u00f3n y la interacci\u00f3n en cualquier otro sitio web, incluidos los sitios web que tienen un enlace a PRE Import Export, est\u00e1n sujetas a los t\u00e9rminos y pol\u00edticas propios de ese sitio web.<\/p>\n\n\n\n<p>Cambios a esta Pol\u00edtica de Privacidad<\/p>\n\n\n\n<p>PRE Import tiene la discreci\u00f3n de actualizar esta Pol\u00edtica de Privacidad en cualquier momento. Alentamos a los visitantes a consultar con frecuencia esta p\u00e1gina para detectar cualquier cambio. Usted reconoce y acepta que es su responsabilidad revisar esta Pol\u00edtica de Privacidad peri\u00f3dicamente y estar al tanto de las modificaciones.<\/p>\n\n\n\n<p>Su aceptaci\u00f3n de estos t\u00e9rminos<\/p>\n\n\n\n<p>Al suscribirse a PRE Import Export, usted manifiesta su aceptaci\u00f3n de esta Pol\u00edtica de Privacidad. Su inscripci\u00f3n continua en PRE Import Export despu\u00e9s de la publicaci\u00f3n de cambios a esta Pol\u00edtica de Privacidad se considerar\u00e1 su aceptaci\u00f3n de dichos cambios.<\/p>","protected":false},"excerpt":{"rendered":"<p>Pol\u00edtica de privacidad Esta Pol\u00edtica de Privacidad rige la manera en la que PRE Import recopila, utiliza, mantiene y divulga informaci\u00f3n recopilada de los usuarios.\u00a0 Uso de la informaci\u00f3n personal&#8230;.<\/p>","protected":false},"author":1,"featured_media":0,"parent":0,"menu_order":0,"comment_status":"closed","ping_status":"open","template":"","meta":{"footnotes":""},"class_list":["post-3","page","type-page","status-publish"],"_links":{"self":[{"href":"https:\/\/preimportexport.com\/es\/wp-json\/wp\/v2\/pages\/3","targetHints":{"allow":["GET"]}}],"collection":[{"href":"https:\/\/preimportexport.com\/es\/wp-json\/wp\/v2\/pages"}],"about":[{"href":"https:\/\/preimportexport.com\/es\/wp-json\/wp\/v2\/types\/page"}],"author":[{"embeddable":true,"href":"https:\/\/preimportexport.com\/es\/wp-json\/wp\/v2\/users\/1"}],"replies":[{"embeddable":true,"href":"https:\/\/preimportexport.com\/es\/wp-json\/wp\/v2\/comments?post=3"}],"version-history":[{"count":2,"href":"https:\/\/preimportexport.com\/es\/wp-json\/wp\/v2\/pages\/3\/revisions"}],"predecessor-version":[{"id":203,"href":"https:\/\/preimportexport.com\/es\/wp-json\/wp\/v2\/pages\/3\/revisions\/203"}],"wp:attachment":[{"href":"https:\/\/preimportexport.com\/es\/wp-json\/wp\/v2\/media?parent=3"}],"curies":[{"name":"wp","href":"https:\/\/api.w.org\/{rel}","templated":true}]}}